{"id":7,"date":"2025-03-02T09:41:32","date_gmt":"2025-03-02T08:41:32","guid":{"rendered":"https:\/\/samubikes.fr\/index.php\/front_page\/"},"modified":"2025-05-10T10:39:37","modified_gmt":"2025-05-10T08:39:37","slug":"atelier-de-reparation-de-velos-a-jaillon-54","status":"publish","type":"page","link":"https:\/\/samubikes.fr\/","title":{"rendered":"Accueil"},"content":{"rendered":"\n\n\n\n\n\n\n\n","protected":false},"excerpt":{"rendered":"","protected":false},"author":1,"featured_media":0,"parent":0,"menu_order":0,"comment_status":"closed","ping_status":"closed","template":"","meta":{"saved_in_kubio":true,"footnotes":""},"class_list":["post-7","page","type-page","status-publish","hentry"],"kubio_ai_page_context":{"short_desc":"","purpose":"general"},"yoast_head":"<!-- This site is optimized with the Yoast SEO plugin v26.2 - https:\/\/yoast.com\/wordpress\/plugins\/seo\/ -->\n<title>R\u00e9paration de v\u00e9los \u00e0 Jaillon (54) - Samubikes<\/title>\n<meta name=\"description\" content=\"Lionel vous accueille dans son atelier pour la r\u00e9paration ou l&#039;am\u00e9lioration de vos v\u00e9los ou fauteuils roulants \u00e0 Jaillon (54)\" \/>\n<meta name=\"robots\" content=\"index, follow, max-snippet:-1, max-image-preview:large, max-video-preview:-1\" \/>\n<link rel=\"canonical\" href=\"https:\/\/samubikes.fr\/\" \/>\n<meta property=\"og:locale\" content=\"fr_FR\" \/>\n<meta property=\"og:type\" content=\"article\" \/>\n<meta property=\"og:title\" content=\"R\u00e9paration de v\u00e9los \u00e0 Jaillon (54) - Samubikes\" \/>\n<meta property=\"og:description\" content=\"Lionel vous accueille dans son atelier pour la r\u00e9paration ou l&#039;am\u00e9lioration de vos v\u00e9los ou fauteuils roulants \u00e0 Jaillon (54)\" \/>\n<meta property=\"og:url\" content=\"https:\/\/samubikes.fr\/\" \/>\n<meta property=\"og:site_name\" content=\"Samubikes - R\u00e9paration de v\u00e9los, fauteuils roulants.\" \/>\n<meta property=\"article:publisher\" content=\"https:\/\/www.facebook.com\/Samubikes.54\/\" \/>\n<meta property=\"article:modified_time\" content=\"2025-05-10T08:39:37+00:00\" \/>\n<meta name=\"twitter:card\" content=\"summary_large_image\" \/>\n<script type=\"application\/ld+json\" class=\"yoast-schema-graph\">{\"@context\":\"https:\/\/schema.org\",\"@graph\":[{\"@type\":\"WebPage\",\"@id\":\"https:\/\/samubikes.fr\/\",\"url\":\"https:\/\/samubikes.fr\/\",\"name\":\"R\u00e9paration de v\u00e9los \u00e0 Jaillon (54) - Samubikes\",\"isPartOf\":{\"@id\":\"https:\/\/samubikes.fr\/#website\"},\"datePublished\":\"2025-03-02T08:41:32+00:00\",\"dateModified\":\"2025-05-10T08:39:37+00:00\",\"description\":\"Lionel vous accueille dans son atelier pour la r\u00e9paration ou l'am\u00e9lioration de vos v\u00e9los ou fauteuils roulants \u00e0 Jaillon (54)\",\"breadcrumb\":{\"@id\":\"https:\/\/samubikes.fr\/#breadcrumb\"},\"inLanguage\":\"fr-FR\",\"potentialAction\":[{\"@type\":\"ReadAction\",\"target\":[\"https:\/\/samubikes.fr\/\"]}]},{\"@type\":\"BreadcrumbList\",\"@id\":\"https:\/\/samubikes.fr\/#breadcrumb\",\"itemListElement\":[{\"@type\":\"ListItem\",\"position\":1,\"name\":\"Accueil\",\"item\":\"https:\/\/samubikes.fr\/\"},{\"@type\":\"ListItem\",\"position\":2,\"name\":\"Accueil\"}]},{\"@type\":\"WebSite\",\"@id\":\"https:\/\/samubikes.fr\/#website\",\"url\":\"https:\/\/samubikes.fr\/\",\"name\":\"Samubikes - R\u00e9paration de v\u00e9los, fauteuils roulants \u00e0 Jaillon (54)\",\"description\":\"Mon atelier de r\u00e9paration \u00e0 votre disposition \u00e0 Jaillon pour une r\u00e9paration, un nettoyage, une r\u00e9vision, une remise en \u00e9tat ou une \u00e9volution.\",\"alternateName\":\"Samubikes\",\"potentialAction\":[{\"@type\":\"SearchAction\",\"target\":{\"@type\":\"EntryPoint\",\"urlTemplate\":\"https:\/\/samubikes.fr\/?s={search_term_string}\"},\"query-input\":{\"@type\":\"PropertyValueSpecification\",\"valueRequired\":true,\"valueName\":\"search_term_string\"}}],\"inLanguage\":\"fr-FR\"}]}<\/script>\n<!-- \/ Yoast SEO plugin. -->","yoast_head_json":{"title":"R\u00e9paration de v\u00e9los \u00e0 Jaillon (54) - Samubikes","description":"Lionel vous accueille dans son atelier pour la r\u00e9paration ou l'am\u00e9lioration de vos v\u00e9los ou fauteuils roulants \u00e0 Jaillon (54)","robots":{"index":"index","follow":"follow","max-snippet":"max-snippet:-1","max-image-preview":"max-image-preview:large","max-video-preview":"max-video-preview:-1"},"canonical":"https:\/\/samubikes.fr\/","og_locale":"fr_FR","og_type":"article","og_title":"R\u00e9paration de v\u00e9los \u00e0 Jaillon (54) - Samubikes","og_description":"Lionel vous accueille dans son atelier pour la r\u00e9paration ou l'am\u00e9lioration de vos v\u00e9los ou fauteuils roulants \u00e0 Jaillon (54)","og_url":"https:\/\/samubikes.fr\/","og_site_name":"Samubikes - R\u00e9paration de v\u00e9los, fauteuils roulants.","article_publisher":"https:\/\/www.facebook.com\/Samubikes.54\/","article_modified_time":"2025-05-10T08:39:37+00:00","twitter_card":"summary_large_image","schema":{"@context":"https:\/\/schema.org","@graph":[{"@type":"WebPage","@id":"https:\/\/samubikes.fr\/","url":"https:\/\/samubikes.fr\/","name":"R\u00e9paration de v\u00e9los \u00e0 Jaillon (54) - Samubikes","isPartOf":{"@id":"https:\/\/samubikes.fr\/#website"},"datePublished":"2025-03-02T08:41:32+00:00","dateModified":"2025-05-10T08:39:37+00:00","description":"Lionel vous accueille dans son atelier pour la r\u00e9paration ou l'am\u00e9lioration de vos v\u00e9los ou fauteuils roulants \u00e0 Jaillon (54)","breadcrumb":{"@id":"https:\/\/samubikes.fr\/#breadcrumb"},"inLanguage":"fr-FR","potentialAction":[{"@type":"ReadAction","target":["https:\/\/samubikes.fr\/"]}]},{"@type":"BreadcrumbList","@id":"https:\/\/samubikes.fr\/#breadcrumb","itemListElement":[{"@type":"ListItem","position":1,"name":"Accueil","item":"https:\/\/samubikes.fr\/"},{"@type":"ListItem","position":2,"name":"Accueil"}]},{"@type":"WebSite","@id":"https:\/\/samubikes.fr\/#website","url":"https:\/\/samubikes.fr\/","name":"Samubikes - R\u00e9paration de v\u00e9los, fauteuils roulants \u00e0 Jaillon (54)","description":"Mon atelier de r\u00e9paration \u00e0 votre disposition \u00e0 Jaillon pour une r\u00e9paration, un nettoyage, une r\u00e9vision, une remise en \u00e9tat ou une \u00e9volution.","alternateName":"Samubikes","potentialAction":[{"@type":"SearchAction","target":{"@type":"EntryPoint","urlTemplate":"https:\/\/samubikes.fr\/?s={search_term_string}"},"query-input":{"@type":"PropertyValueSpecification","valueRequired":true,"valueName":"search_term_string"}}],"inLanguage":"fr-FR"}]}},"_links":{"self":[{"href":"https:\/\/samubikes.fr\/index.php\/wp-json\/wp\/v2\/pages\/7","targetHints":{"allow":["GET"]}}],"collection":[{"href":"https:\/\/samubikes.fr\/index.php\/wp-json\/wp\/v2\/pages"}],"about":[{"href":"https:\/\/samubikes.fr\/index.php\/wp-json\/wp\/v2\/types\/page"}],"author":[{"embeddable":true,"href":"https:\/\/samubikes.fr\/index.php\/wp-json\/wp\/v2\/users\/1"}],"replies":[{"embeddable":true,"href":"https:\/\/samubikes.fr\/index.php\/wp-json\/wp\/v2\/comments?post=7"}],"version-history":[{"count":63,"href":"https:\/\/samubikes.fr\/index.php\/wp-json\/wp\/v2\/pages\/7\/revisions"}],"predecessor-version":[{"id":797,"href":"https:\/\/samubikes.fr\/index.php\/wp-json\/wp\/v2\/pages\/7\/revisions\/797"}],"wp:attachment":[{"href":"https:\/\/samubikes.fr\/index.php\/wp-json\/wp\/v2\/media?parent=7"}],"curies":[{"name":"wp","href":"https:\/\/api.w.org\/{rel}","templated":true}]}}